{"id":21,"date":"2014-10-04T00:44:56","date_gmt":"2014-10-03T22:44:56","guid":{"rendered":"http:\/\/yaoui.de\/?page_id=21"},"modified":"2025-01-22T13:35:45","modified_gmt":"2025-01-22T11:35:45","slug":"partner","status":"publish","type":"page","link":"https:\/\/yaoui.de\/?page_id=21","title":{"rendered":"partner"},"content":{"rendered":"<p><strong>Baobab Benin e.V.<\/strong><\/p>\n<p>Der Verein Baobab unterst\u00fctzt Projekte zur nachhaltigen Entwicklung in Benin und f\u00f6rdert den interkulturellen Austausch zwischen Benin und Deutschland.<\/p>\n<p><a href=\"http:\/\/baobab-benin.de\/\" target=\"_blank\" rel=\"noopener\">http:\/\/baobab-benin.de\/<\/a><\/p>\n<p><strong>Evangelische Gemeinde Beuel<\/strong><\/p>\n<p>Die Evangelische Kirchengemeinde Beuel ist derzeit der gr\u00f6\u00dfte Unterst\u00fctzer von Yaoui e.V. Sie \u00fcberl\u00e4sst uns einen Teil des Erl\u00f6ses aus ihrer Aktivit\u00e4t auf P\u00fctzchen&#8217;s Markt f\u00fcr die Schule in Yaoui.<\/p>\n<p><a href=\"http:\/\/www.ev-kirche-beuel.de\" target=\"_blank\" rel=\"noopener\">http:\/\/www.ev-kirche-beuel.de<\/a><\/p>\n<p><strong>Volksbank K\u00f6ln Bonn eG<\/strong><\/p>\n<p><a href=\"https:\/\/www.vobaworld.de\" target=\"_blank\" rel=\"noopener\">https:\/\/www.vobaworld.de<\/a><\/p>\n","protected":false},"excerpt":{"rendered":"<p>Baobab Benin e.V. Der Verein Baobab unterst\u00fctzt Projekte zur nachhaltigen Entwicklung in Benin und f\u00f6rdert den interkulturellen Austausch zwischen Benin und Deutschland. http:\/\/baobab-benin.de\/ Evangelische Gemeinde Beuel Die Evangelische Kirchengemeinde Beuel ist derzeit der gr\u00f6\u00dfte Unterst\u00fctzer von Yaoui e.V. Sie \u00fcberl\u00e4sst uns einen Teil des Erl\u00f6ses aus ihrer Aktivit\u00e4t auf P\u00fctzchen&#8217;s Markt f\u00fcr die Schule in &hellip; <a href=\"https:\/\/yaoui.de\/?page_id=21\" class=\"more-link\"><span class=\"screen-reader-text\">partner<\/span> weiterlesen <span class=\"meta-nav\">&rarr;<\/span><\/a><\/p>\n","protected":false},"author":1,"featured_media":0,"parent":5,"menu_order":0,"comment_status":"closed","ping_status":"closed","template":"","meta":{"footnotes":""},"language":[7],"class_list":["post-21","page","type-page","status-publish","hentry","language-de_de"],"_links":{"self":[{"href":"https:\/\/yaoui.de\/index.php?rest_route=\/wp\/v2\/pages\/21","targetHints":{"allow":["GET"]}}],"collection":[{"href":"https:\/\/yaoui.de\/index.php?rest_route=\/wp\/v2\/pages"}],"about":[{"href":"https:\/\/yaoui.de\/index.php?rest_route=\/wp\/v2\/types\/page"}],"author":[{"embeddable":true,"href":"https:\/\/yaoui.de\/index.php?rest_route=\/wp\/v2\/users\/1"}],"replies":[{"embeddable":true,"href":"https:\/\/yaoui.de\/index.php?rest_route=%2Fwp%2Fv2%2Fcomments&post=21"}],"version-history":[{"count":6,"href":"https:\/\/yaoui.de\/index.php?rest_route=\/wp\/v2\/pages\/21\/revisions"}],"predecessor-version":[{"id":1509,"href":"https:\/\/yaoui.de\/index.php?rest_route=\/wp\/v2\/pages\/21\/revisions\/1509"}],"up":[{"embeddable":true,"href":"https:\/\/yaoui.de\/index.php?rest_route=\/wp\/v2\/pages\/5"}],"wp:attachment":[{"href":"https:\/\/yaoui.de\/index.php?rest_route=%2Fwp%2Fv2%2Fmedia&parent=21"}],"wp:term":[{"taxonomy":"language","embeddable":true,"href":"https:\/\/yaoui.de\/index.php?rest_route=%2Fwp%2Fv2%2Flanguage&post=21"}],"curies":[{"name":"wp","href":"https:\/\/api.w.org\/{rel}","templated":true}]}}