{"id":242,"date":"2014-12-30T21:36:20","date_gmt":"2014-12-30T19:36:20","guid":{"rendered":"http:\/\/yaoui.de\/?page_id=242"},"modified":"2025-01-22T13:36:55","modified_gmt":"2025-01-22T11:36:55","slug":"partenaires","status":"publish","type":"page","link":"https:\/\/yaoui.de\/?page_id=242","title":{"rendered":"partenaires"},"content":{"rendered":"<p><strong>Baobab Benin e.V.<\/strong><\/p>\n<p>L&#8217;association Baobab B\u00e9nin soutient des projets pour un d\u00e9veloppement durable de B\u00e9nin en Afrique de l&#8217;Ouest et pour l&#8217;\u00e9change culturel entre l&#8217;Allemagne et B\u00e9nin.<\/p>\n<p><a href=\"http:\/\/baobab-benin.de\/\" target=\"_blank\" rel=\"noopener\">http:\/\/baobab-benin.de\/<\/a><\/p>\n<p><strong>La paroisse \u00e9vang\u00e9lique Beuel<\/strong><\/p>\n<p>La paroisse \u00e9vang\u00e9lique Beuel est pour le moment le plus grand soutien de Yaoui e.V. Elle nous c\u00e8de une partie du produit de la vente de ses activit\u00e9s sur la foire \u00e0 P\u00fctzchen pour l&#8217;\u00e9cole \u00e0 Yaoui.<\/p>\n<p><a href=\"http:\/\/www.ev-kirche-beuel.de\" target=\"_blank\" rel=\"noopener\">http:\/\/www.ev-kirche-beuel.de<\/a><\/p>\n<p><strong>Banque populaire K\u00f6ln Bonn eG<\/strong><\/p>\n<p><a href=\"https:\/\/www.vobaworld.de\" target=\"_blank\" rel=\"noopener\">https:\/\/www.vobaworld.de<\/a><\/p>\n","protected":false},"excerpt":{"rendered":"<p>Baobab Benin e.V. L&#8217;association Baobab B\u00e9nin soutient des projets pour un d\u00e9veloppement durable de B\u00e9nin en Afrique de l&#8217;Ouest et pour l&#8217;\u00e9change culturel entre l&#8217;Allemagne et B\u00e9nin. http:\/\/baobab-benin.de\/ La paroisse \u00e9vang\u00e9lique Beuel La paroisse \u00e9vang\u00e9lique Beuel est pour le moment le plus grand soutien de Yaoui e.V. Elle nous c\u00e8de une partie du produit de &hellip; <a href=\"https:\/\/yaoui.de\/?page_id=242\" class=\"more-link\"><span class=\"screen-reader-text\">partenaires<\/span> weiterlesen <span class=\"meta-nav\">&rarr;<\/span><\/a><\/p>\n","protected":false},"author":2,"featured_media":0,"parent":453,"menu_order":0,"comment_status":"closed","ping_status":"closed","template":"","meta":{"footnotes":""},"language":[8],"class_list":["post-242","page","type-page","status-publish","hentry","language-fr_fr"],"_links":{"self":[{"href":"https:\/\/yaoui.de\/index.php?rest_route=\/wp\/v2\/pages\/242","targetHints":{"allow":["GET"]}}],"collection":[{"href":"https:\/\/yaoui.de\/index.php?rest_route=\/wp\/v2\/pages"}],"about":[{"href":"https:\/\/yaoui.de\/index.php?rest_route=\/wp\/v2\/types\/page"}],"author":[{"embeddable":true,"href":"https:\/\/yaoui.de\/index.php?rest_route=\/wp\/v2\/users\/2"}],"replies":[{"embeddable":true,"href":"https:\/\/yaoui.de\/index.php?rest_route=%2Fwp%2Fv2%2Fcomments&post=242"}],"version-history":[{"count":5,"href":"https:\/\/yaoui.de\/index.php?rest_route=\/wp\/v2\/pages\/242\/revisions"}],"predecessor-version":[{"id":1511,"href":"https:\/\/yaoui.de\/index.php?rest_route=\/wp\/v2\/pages\/242\/revisions\/1511"}],"up":[{"embeddable":true,"href":"https:\/\/yaoui.de\/index.php?rest_route=\/wp\/v2\/pages\/453"}],"wp:attachment":[{"href":"https:\/\/yaoui.de\/index.php?rest_route=%2Fwp%2Fv2%2Fmedia&parent=242"}],"wp:term":[{"taxonomy":"language","embeddable":true,"href":"https:\/\/yaoui.de\/index.php?rest_route=%2Fwp%2Fv2%2Flanguage&post=242"}],"curies":[{"name":"wp","href":"https:\/\/api.w.org\/{rel}","templated":true}]}}