{"id":26,"date":"2014-10-04T00:45:09","date_gmt":"2014-10-03T22:45:09","guid":{"rendered":"http:\/\/yaoui.de\/?page_id=26"},"modified":"2015-01-30T22:43:04","modified_gmt":"2015-01-30T20:43:04","slug":"yaoui","status":"publish","type":"page","link":"https:\/\/yaoui.de\/?page_id=26","title":{"rendered":"yaoui, benin"},"content":{"rendered":"<p><a href=\"http:\/\/yaoui.de\/wp-content\/uploads\/2014\/10\/afrika1_benin-ausschnitt.jpg\" rel=\"lightbox[26]\"><img loading=\"lazy\" decoding=\"async\" class=\"alignright wp-image-27 size-full\" src=\"http:\/\/yaoui.de\/wp-content\/uploads\/2014\/10\/afrika1_benin-ausschnitt.jpg\" alt=\"Karte Benin\" width=\"292\" height=\"200\" \/><\/a>Benin liegt in Westafrika und grenzt im Westen an Togo und Burkina Faso, im Norden an Niger, im Osten an Nigeria und im S\u00fcden an den Golf von Guinea (Atlantik).<\/p>\n<p>Die verschiedenen Vegetationszonen, von Trockensavannen \u00fcber Feuchtsavannen bis hinzu wechselfeuchten W\u00e4ldern, gehen flie\u00dfend ineinander \u00fcber. Dabei liegt Benin im klimatischen Einflussgebiet der Tropen.<br \/>\nIm Jahre 2002 lebten ca. 6,6 Mio. Menschen verschiedenster Ethnien in Benin, wobei die gr\u00f6\u00dfte Bev\u00f6lkerungsdichte im S\u00fcden vorliegt, da an der K\u00fcste eine hohe wirtschaftliche Agglomeration vorherrscht.<\/p>\n<p>Benin geh\u00f6rt zu den \u00e4rmsten L\u00e4ndern der Erde mit einer hohen Auslandsverschuldung und \u00dcberbev\u00f6lkerung. Aber auch klimatische Bedingungen, mangelnde Gesundheits-versorgung und soziokulturelle Faktoren f\u00fchren zu Entwicklungsproblemen.<\/p>\n<p>Viele \u00e4u\u00dfere Umst\u00e4nde behindern ein wirtschaftliches Wachstum, aber Schritt f\u00fcr Schritt l\u00e4sst sich Entwicklung f\u00f6rdern, besonders da Benin nicht durch B\u00fcrgerkrieg bedroht ist. Ein wichtiger erster Schritt f\u00fcr eine nachhaltige Entwicklung ist eine gute Ausbildung der Kinder und Jugendlichen. <\/p>\n","protected":false},"excerpt":{"rendered":"<p>Benin liegt in Westafrika und grenzt im Westen an Togo und Burkina Faso, im Norden an Niger, im Osten an Nigeria und im S\u00fcden an den Golf von Guinea (Atlantik). Die verschiedenen Vegetationszonen, von Trockensavannen \u00fcber Feuchtsavannen bis hinzu wechselfeuchten W\u00e4ldern, gehen flie\u00dfend ineinander \u00fcber. Dabei liegt Benin im klimatischen Einflussgebiet der Tropen. Im Jahre &hellip; <a href=\"https:\/\/yaoui.de\/?page_id=26\" class=\"more-link\"><span class=\"screen-reader-text\">yaoui, benin<\/span> weiterlesen <span class=\"meta-nav\">&rarr;<\/span><\/a><\/p>\n","protected":false},"author":1,"featured_media":0,"parent":0,"menu_order":0,"comment_status":"closed","ping_status":"closed","template":"","meta":{"footnotes":""},"language":[7],"class_list":["post-26","page","type-page","status-publish","hentry","language-de_de"],"_links":{"self":[{"href":"https:\/\/yaoui.de\/index.php?rest_route=\/wp\/v2\/pages\/26","targetHints":{"allow":["GET"]}}],"collection":[{"href":"https:\/\/yaoui.de\/index.php?rest_route=\/wp\/v2\/pages"}],"about":[{"href":"https:\/\/yaoui.de\/index.php?rest_route=\/wp\/v2\/types\/page"}],"author":[{"embeddable":true,"href":"https:\/\/yaoui.de\/index.php?rest_route=\/wp\/v2\/users\/1"}],"replies":[{"embeddable":true,"href":"https:\/\/yaoui.de\/index.php?rest_route=%2Fwp%2Fv2%2Fcomments&post=26"}],"version-history":[{"count":5,"href":"https:\/\/yaoui.de\/index.php?rest_route=\/wp\/v2\/pages\/26\/revisions"}],"predecessor-version":[{"id":792,"href":"https:\/\/yaoui.de\/index.php?rest_route=\/wp\/v2\/pages\/26\/revisions\/792"}],"wp:attachment":[{"href":"https:\/\/yaoui.de\/index.php?rest_route=%2Fwp%2Fv2%2Fmedia&parent=26"}],"wp:term":[{"taxonomy":"language","embeddable":true,"href":"https:\/\/yaoui.de\/index.php?rest_route=%2Fwp%2Fv2%2Flanguage&post=26"}],"curies":[{"name":"wp","href":"https:\/\/api.w.org\/{rel}","templated":true}]}}