{"id":282,"date":"2014-12-31T01:22:05","date_gmt":"2014-12-30T23:22:05","guid":{"rendered":"http:\/\/yaoui.de\/?page_id=282"},"modified":"2015-01-31T00:08:26","modified_gmt":"2015-01-30T22:08:26","slug":"photos","status":"publish","type":"page","link":"https:\/\/yaoui.de\/?page_id=282","title":{"rendered":"photos"},"content":{"rendered":"<h3>Conduire \u00e0 Yaoui 2014<\/h3>\n<div id='gallery-1' class='gallery galleryid-282 gallery-columns-6 gallery-size-thumbnail'><figure class='gallery-item'>\n\t\t\t<div class='gallery-icon landscape'>\n\t\t\t\t<a href='https:\/\/yaoui.de\/?attachment_id=268'><img loading=\"lazy\" decoding=\"async\" width=\"150\" height=\"150\" src=\"https:\/\/yaoui.de\/wp-content\/uploads\/2014\/10\/Benin-2014-\u2013-0993-150x150.jpg\" class=\"attachment-thumbnail size-thumbnail\" alt=\"Yaoui\" aria-describedby=\"gallery-1-268\" \/><\/a>\n\t\t\t<\/div>\n\t\t\t\t<figcaption class='wp-caption-text gallery-caption' id='gallery-1-268'>\n\t\t\t\tNous sommes presque arriv\u00e9s \u00e0 destination\n\t\t\t\t<\/figcaption><\/figure><figure class='gallery-item'>\n\t\t\t<div class='gallery-icon landscape'>\n\t\t\t\t<a href='https:\/\/yaoui.de\/?attachment_id=270'><img loading=\"lazy\" decoding=\"async\" width=\"150\" height=\"150\" src=\"https:\/\/yaoui.de\/wp-content\/uploads\/2014\/10\/Benin-2014-\u2013-0090-150x150.jpg\" class=\"attachment-thumbnail size-thumbnail\" alt=\"Rue de Yaoui\" aria-describedby=\"gallery-1-270\" \/><\/a>\n\t\t\t<\/div>\n\t\t\t\t<figcaption class='wp-caption-text gallery-caption' id='gallery-1-270'>\n\t\t\t\tSur le trajet\n\t\t\t\t<\/figcaption><\/figure><figure class='gallery-item'>\n\t\t\t<div class='gallery-icon landscape'>\n\t\t\t\t<a href='https:\/\/yaoui.de\/?attachment_id=272'><img loading=\"lazy\" decoding=\"async\" width=\"150\" height=\"150\" src=\"https:\/\/yaoui.de\/wp-content\/uploads\/2014\/10\/Benin-2014-\u2013-0092-150x150.jpg\" class=\"attachment-thumbnail size-thumbnail\" alt=\"\" aria-describedby=\"gallery-1-272\" \/><\/a>\n\t\t\t<\/div>\n\t\t\t\t<figcaption class='wp-caption-text gallery-caption' id='gallery-1-272'>\n\t\t\t\tStall bord de la route\n\t\t\t\t<\/figcaption><\/figure><figure class='gallery-item'>\n\t\t\t<div class='gallery-icon landscape'>\n\t\t\t\t<a href='https:\/\/yaoui.de\/?attachment_id=266'><img loading=\"lazy\" decoding=\"async\" width=\"150\" height=\"150\" src=\"https:\/\/yaoui.de\/wp-content\/uploads\/2014\/10\/Benin-2014-\u2013-0086-150x150.jpg\" class=\"attachment-thumbnail size-thumbnail\" alt=\"\" aria-describedby=\"gallery-1-266\" \/><\/a>\n\t\t\t<\/div>\n\t\t\t\t<figcaption class='wp-caption-text gallery-caption' id='gallery-1-266'>\n\t\t\t\tChercher de l&#8217;eau\n\t\t\t\t<\/figcaption><\/figure><figure class='gallery-item'>\n\t\t\t<div class='gallery-icon landscape'>\n\t\t\t\t<a href='https:\/\/yaoui.de\/?attachment_id=274'><img loading=\"lazy\" decoding=\"async\" width=\"150\" height=\"150\" src=\"https:\/\/yaoui.de\/wp-content\/uploads\/2014\/10\/Benin-2014-\u2013-0088-150x150.jpg\" class=\"attachment-thumbnail size-thumbnail\" alt=\"\" aria-describedby=\"gallery-1-274\" \/><\/a>\n\t\t\t<\/div>\n\t\t\t\t<figcaption class='wp-caption-text gallery-caption' id='gallery-1-274'>\n\t\t\t\tSieste\n\t\t\t\t<\/figcaption><\/figure><figure class='gallery-item'>\n\t\t\t<div class='gallery-icon landscape'>\n\t\t\t\t<a href='https:\/\/yaoui.de\/?attachment_id=276'><img loading=\"lazy\" decoding=\"async\" width=\"150\" height=\"150\" src=\"https:\/\/yaoui.de\/wp-content\/uploads\/2014\/10\/Benin-2014-\u2013-0094-150x150.jpg\" class=\"attachment-thumbnail size-thumbnail\" alt=\"\" aria-describedby=\"gallery-1-276\" \/><\/a>\n\t\t\t<\/div>\n\t\t\t\t<figcaption class='wp-caption-text gallery-caption' id='gallery-1-276'>\n\t\t\t\tSur le chemin de march\u00e9\n\t\t\t\t<\/figcaption><\/figure><figure class='gallery-item'>\n\t\t\t<div class='gallery-icon landscape'>\n\t\t\t\t<a href='https:\/\/yaoui.de\/?attachment_id=278'><img loading=\"lazy\" decoding=\"async\" width=\"150\" height=\"150\" src=\"https:\/\/yaoui.de\/wp-content\/uploads\/2014\/10\/Benin-2014-\u2013-0107-150x150.jpg\" class=\"attachment-thumbnail size-thumbnail\" alt=\"\" aria-describedby=\"gallery-1-278\" \/><\/a>\n\t\t\t<\/div>\n\t\t\t\t<figcaption class='wp-caption-text gallery-caption' id='gallery-1-278'>\n\t\t\t\tEscale\n\t\t\t\t<\/figcaption><\/figure>\n\t\t<\/div>\n\n<h3>Yaoui et ses environs<\/h3>\n<div id='gallery-2' class='gallery galleryid-282 gallery-columns-6 gallery-size-thumbnail'><figure class='gallery-item'>\n\t\t\t<div class='gallery-icon landscape'>\n\t\t\t\t<a href='https:\/\/yaoui.de\/wp-content\/uploads\/2014\/10\/Benin-2014-\u2013-0130-e1418507365616.jpg' rel=\"lightbox[282]\"><img loading=\"lazy\" decoding=\"async\" width=\"150\" height=\"150\" src=\"https:\/\/yaoui.de\/wp-content\/uploads\/2014\/10\/Benin-2014-\u2013-0130-150x150.jpg\" class=\"attachment-thumbnail size-thumbnail\" alt=\"\" srcset=\"https:\/\/yaoui.de\/wp-content\/uploads\/2014\/10\/Benin-2014-\u2013-0130-150x150.jpg 150w, https:\/\/yaoui.de\/wp-content\/uploads\/2014\/10\/Benin-2014-\u2013-0130-100x100.jpg 100w\" sizes=\"auto, (max-width: 150px) 100vw, 150px\" \/><\/a>\n\t\t\t<\/div><\/figure><figure class='gallery-item'>\n\t\t\t<div class='gallery-icon landscape'>\n\t\t\t\t<a href='https:\/\/yaoui.de\/wp-content\/uploads\/2014\/12\/Benin-2014-\u2013-0138-e1418507182848.jpg' rel=\"lightbox[282]\"><img loading=\"lazy\" decoding=\"async\" width=\"150\" height=\"150\" src=\"https:\/\/yaoui.de\/wp-content\/uploads\/2014\/12\/Benin-2014-\u2013-0138-150x150.jpg\" class=\"attachment-thumbnail size-thumbnail\" alt=\"\" srcset=\"https:\/\/yaoui.de\/wp-content\/uploads\/2014\/12\/Benin-2014-\u2013-0138-150x150.jpg 150w, https:\/\/yaoui.de\/wp-content\/uploads\/2014\/12\/Benin-2014-\u2013-0138-100x100.jpg 100w\" sizes=\"auto, (max-width: 150px) 100vw, 150px\" \/><\/a>\n\t\t\t<\/div><\/figure><figure class='gallery-item'>\n\t\t\t<div class='gallery-icon landscape'>\n\t\t\t\t<a href='https:\/\/yaoui.de\/wp-content\/uploads\/2014\/12\/Benin-2014-\u2013-0136-e1418507167250.jpg' rel=\"lightbox[282]\"><img loading=\"lazy\" decoding=\"async\" width=\"150\" height=\"150\" src=\"https:\/\/yaoui.de\/wp-content\/uploads\/2014\/12\/Benin-2014-\u2013-0136-150x150.jpg\" class=\"attachment-thumbnail size-thumbnail\" alt=\"\" srcset=\"https:\/\/yaoui.de\/wp-content\/uploads\/2014\/12\/Benin-2014-\u2013-0136-150x150.jpg 150w, https:\/\/yaoui.de\/wp-content\/uploads\/2014\/12\/Benin-2014-\u2013-0136-100x100.jpg 100w\" sizes=\"auto, (max-width: 150px) 100vw, 150px\" \/><\/a>\n\t\t\t<\/div><\/figure><figure class='gallery-item'>\n\t\t\t<div class='gallery-icon portrait'>\n\t\t\t\t<a href='https:\/\/yaoui.de\/wp-content\/uploads\/2014\/12\/Benin-2014-\u2013-0536-e1418507149293.jpg' rel=\"lightbox[282]\"><img loading=\"lazy\" decoding=\"async\" width=\"150\" height=\"150\" src=\"https:\/\/yaoui.de\/wp-content\/uploads\/2014\/12\/Benin-2014-\u2013-0536-150x150.jpg\" class=\"attachment-thumbnail size-thumbnail\" alt=\"\" srcset=\"https:\/\/yaoui.de\/wp-content\/uploads\/2014\/12\/Benin-2014-\u2013-0536-150x150.jpg 150w, https:\/\/yaoui.de\/wp-content\/uploads\/2014\/12\/Benin-2014-\u2013-0536-100x100.jpg 100w\" sizes=\"auto, (max-width: 150px) 100vw, 150px\" \/><\/a>\n\t\t\t<\/div><\/figure><figure class='gallery-item'>\n\t\t\t<div class='gallery-icon landscape'>\n\t\t\t\t<a href='https:\/\/yaoui.de\/wp-content\/uploads\/2014\/12\/Benin-2014-\u2013-0491-e1418507117922.jpg' rel=\"lightbox[282]\"><img loading=\"lazy\" decoding=\"async\" width=\"150\" height=\"150\" src=\"https:\/\/yaoui.de\/wp-content\/uploads\/2014\/12\/Benin-2014-\u2013-0491-150x150.jpg\" class=\"attachment-thumbnail size-thumbnail\" alt=\"\" srcset=\"https:\/\/yaoui.de\/wp-content\/uploads\/2014\/12\/Benin-2014-\u2013-0491-150x150.jpg 150w, https:\/\/yaoui.de\/wp-content\/uploads\/2014\/12\/Benin-2014-\u2013-0491-100x100.jpg 100w\" sizes=\"auto, (max-width: 150px) 100vw, 150px\" \/><\/a>\n\t\t\t<\/div><\/figure>\n\t\t<\/div>\n\n<h3>L&#8217;\u00e9cole \u00e0 Yaoui<\/h3>\n<div id='gallery-3' class='gallery galleryid-282 gallery-columns-6 gallery-size-thumbnail'><figure class='gallery-item'>\n\t\t\t<div class='gallery-icon landscape'>\n\t\t\t\t<a href='https:\/\/yaoui.de\/wp-content\/uploads\/2014\/10\/Benin-2014-\u2013-0171-e1418508047894.jpg' rel=\"lightbox[282]\"><img loading=\"lazy\" decoding=\"async\" width=\"150\" height=\"150\" src=\"https:\/\/yaoui.de\/wp-content\/uploads\/2014\/10\/Benin-2014-\u2013-0171-150x150.jpg\" class=\"attachment-thumbnail size-thumbnail\" alt=\"\" srcset=\"https:\/\/yaoui.de\/wp-content\/uploads\/2014\/10\/Benin-2014-\u2013-0171-150x150.jpg 150w, https:\/\/yaoui.de\/wp-content\/uploads\/2014\/10\/Benin-2014-\u2013-0171-100x100.jpg 100w\" sizes=\"auto, (max-width: 150px) 100vw, 150px\" \/><\/a>\n\t\t\t<\/div><\/figure><figure class='gallery-item'>\n\t\t\t<div class='gallery-icon landscape'>\n\t\t\t\t<a href='https:\/\/yaoui.de\/wp-content\/uploads\/2014\/10\/Benin-2014-\u2013-0181-e1418508064815.jpg' rel=\"lightbox[282]\"><img loading=\"lazy\" decoding=\"async\" width=\"150\" height=\"150\" src=\"https:\/\/yaoui.de\/wp-content\/uploads\/2014\/10\/Benin-2014-\u2013-0181-150x150.jpg\" class=\"attachment-thumbnail size-thumbnail\" alt=\"\" srcset=\"https:\/\/yaoui.de\/wp-content\/uploads\/2014\/10\/Benin-2014-\u2013-0181-150x150.jpg 150w, https:\/\/yaoui.de\/wp-content\/uploads\/2014\/10\/Benin-2014-\u2013-0181-100x100.jpg 100w\" sizes=\"auto, (max-width: 150px) 100vw, 150px\" \/><\/a>\n\t\t\t<\/div><\/figure><figure class='gallery-item'>\n\t\t\t<div class='gallery-icon landscape'>\n\t\t\t\t<a href='https:\/\/yaoui.de\/wp-content\/uploads\/2014\/10\/Benin-2014-\u2013-0182-e1418508082817.jpg' rel=\"lightbox[282]\"><img loading=\"lazy\" decoding=\"async\" width=\"150\" height=\"150\" src=\"https:\/\/yaoui.de\/wp-content\/uploads\/2014\/10\/Benin-2014-\u2013-0182-150x150.jpg\" class=\"attachment-thumbnail size-thumbnail\" alt=\"\" srcset=\"https:\/\/yaoui.de\/wp-content\/uploads\/2014\/10\/Benin-2014-\u2013-0182-150x150.jpg 150w, https:\/\/yaoui.de\/wp-content\/uploads\/2014\/10\/Benin-2014-\u2013-0182-100x100.jpg 100w\" sizes=\"auto, (max-width: 150px) 100vw, 150px\" \/><\/a>\n\t\t\t<\/div><\/figure><figure class='gallery-item'>\n\t\t\t<div class='gallery-icon landscape'>\n\t\t\t\t<a href='https:\/\/yaoui.de\/wp-content\/uploads\/2014\/10\/Benin-2014-\u2013-0160-e1418508095744.jpg' rel=\"lightbox[282]\"><img loading=\"lazy\" decoding=\"async\" width=\"150\" height=\"150\" src=\"https:\/\/yaoui.de\/wp-content\/uploads\/2014\/10\/Benin-2014-\u2013-0160-150x150.jpg\" class=\"attachment-thumbnail size-thumbnail\" alt=\"\" srcset=\"https:\/\/yaoui.de\/wp-content\/uploads\/2014\/10\/Benin-2014-\u2013-0160-150x150.jpg 150w, https:\/\/yaoui.de\/wp-content\/uploads\/2014\/10\/Benin-2014-\u2013-0160-100x100.jpg 100w\" sizes=\"auto, (max-width: 150px) 100vw, 150px\" \/><\/a>\n\t\t\t<\/div><\/figure><figure class='gallery-item'>\n\t\t\t<div class='gallery-icon landscape'>\n\t\t\t\t<a href='https:\/\/yaoui.de\/wp-content\/uploads\/2014\/10\/Benin-2014-\u2013-0166-e1418508109978.jpg' rel=\"lightbox[282]\"><img loading=\"lazy\" decoding=\"async\" width=\"150\" height=\"150\" src=\"https:\/\/yaoui.de\/wp-content\/uploads\/2014\/10\/Benin-2014-\u2013-0166-150x150.jpg\" class=\"attachment-thumbnail size-thumbnail\" alt=\"\" srcset=\"https:\/\/yaoui.de\/wp-content\/uploads\/2014\/10\/Benin-2014-\u2013-0166-150x150.jpg 150w, https:\/\/yaoui.de\/wp-content\/uploads\/2014\/10\/Benin-2014-\u2013-0166-100x100.jpg 100w\" sizes=\"auto, (max-width: 150px) 100vw, 150px\" \/><\/a>\n\t\t\t<\/div><\/figure><figure class='gallery-item'>\n\t\t\t<div class='gallery-icon landscape'>\n\t\t\t\t<a href='https:\/\/yaoui.de\/wp-content\/uploads\/2014\/10\/Benin-2014-\u2013-0169-e1418508130994.jpg' rel=\"lightbox[282]\"><img loading=\"lazy\" decoding=\"async\" width=\"150\" height=\"150\" src=\"https:\/\/yaoui.de\/wp-content\/uploads\/2014\/10\/Benin-2014-\u2013-0169-150x150.jpg\" class=\"attachment-thumbnail size-thumbnail\" alt=\"\" srcset=\"https:\/\/yaoui.de\/wp-content\/uploads\/2014\/10\/Benin-2014-\u2013-0169-150x150.jpg 150w, https:\/\/yaoui.de\/wp-content\/uploads\/2014\/10\/Benin-2014-\u2013-0169-100x100.jpg 100w\" sizes=\"auto, (max-width: 150px) 100vw, 150px\" \/><\/a>\n\t\t\t<\/div><\/figure>\n\t\t<\/div>\n\n","protected":false},"excerpt":{"rendered":"<p>Conduire \u00e0 Yaoui 2014 Yaoui et ses environs L&#8217;\u00e9cole \u00e0 Yaoui<\/p>\n","protected":false},"author":2,"featured_media":0,"parent":461,"menu_order":0,"comment_status":"closed","ping_status":"closed","template":"","meta":{"footnotes":""},"language":[8],"class_list":["post-282","page","type-page","status-publish","hentry","language-fr_fr"],"_links":{"self":[{"href":"https:\/\/yaoui.de\/index.php?rest_route=\/wp\/v2\/pages\/282","targetHints":{"allow":["GET"]}}],"collection":[{"href":"https:\/\/yaoui.de\/index.php?rest_route=\/wp\/v2\/pages"}],"about":[{"href":"https:\/\/yaoui.de\/index.php?rest_route=\/wp\/v2\/types\/page"}],"author":[{"embeddable":true,"href":"https:\/\/yaoui.de\/index.php?rest_route=\/wp\/v2\/users\/2"}],"replies":[{"embeddable":true,"href":"https:\/\/yaoui.de\/index.php?rest_route=%2Fwp%2Fv2%2Fcomments&post=282"}],"version-history":[{"count":5,"href":"https:\/\/yaoui.de\/index.php?rest_route=\/wp\/v2\/pages\/282\/revisions"}],"predecessor-version":[{"id":803,"href":"https:\/\/yaoui.de\/index.php?rest_route=\/wp\/v2\/pages\/282\/revisions\/803"}],"up":[{"embeddable":true,"href":"https:\/\/yaoui.de\/index.php?rest_route=\/wp\/v2\/pages\/461"}],"wp:attachment":[{"href":"https:\/\/yaoui.de\/index.php?rest_route=%2Fwp%2Fv2%2Fmedia&parent=282"}],"wp:term":[{"taxonomy":"language","embeddable":true,"href":"https:\/\/yaoui.de\/index.php?rest_route=%2Fwp%2Fv2%2Flanguage&post=282"}],"curies":[{"name":"wp","href":"https:\/\/api.w.org\/{rel}","templated":true}]}}