{"id":291,"date":"2014-12-31T01:33:45","date_gmt":"2014-12-30T23:33:45","guid":{"rendered":"http:\/\/yaoui.de\/?page_id=291"},"modified":"2015-01-31T00:07:50","modified_gmt":"2015-01-30T22:07:50","slug":"liens","status":"publish","type":"page","link":"https:\/\/yaoui.de\/?page_id=291","title":{"rendered":"liens"},"content":{"rendered":"<p><a href=\"http:\/\/fr.wikipedia.org\/wiki\/Benin\" target=\"_blank\">http:\/\/fr.wikipedia.org\/wiki\/Benin<\/a><br \/>\nInscription de Wikipedia sur le pays B\u00e9nin.<\/p>\n<p><a href=\"http:\/\/www.bmz.de\/en\/what_we_do\/countries_regions\/subsahara\/benin\/index.html\" target=\"_blank\">http:\/\/www.bmz.de\/en\/what_we_do\/countries_regions\/subsahara\/benin\/index.html<\/a><br \/>\nInscription sur la pays B\u00e9nin de la minist\u00e8re allemand de la Coop\u00e9ration \u00e9conomique et du D\u00e9veloppement.<\/p>\n<p><a class=\"schrift\" href=\"http:\/\/www.wetteronline.de\/wetter\/benin\" target=\"_blank\">http:\/\/www.wetteronline.de\/wetter\/benin<\/a><br \/>\nLe temps dans Benin.<\/p>\n<p><a href=\"http:\/\/www.cotonou.diplo.de\/Vertretung\/cotonou\/fr\/Startseite.html\" target=\"_blank\">http:\/\/www.cotonou.diplo.de\/Vertretung\/cotonou\/fr\/Startseite.html<\/a><br \/>\nL&#8217;Ambassade d&#8217;Allemagne \u00e0 Cotonou<\/p>\n<p><a href=\"http:\/\/www.jeuneafrique.com\" target=\"_blank\">http:\/\/www.jeuneafrique.com<\/a><br \/>\nJeune Afrique Benin (politique quotidienne).<\/p>\n","protected":false},"excerpt":{"rendered":"<p>http:\/\/fr.wikipedia.org\/wiki\/Benin Inscription de Wikipedia sur le pays B\u00e9nin. http:\/\/www.bmz.de\/en\/what_we_do\/countries_regions\/subsahara\/benin\/index.html Inscription sur la pays B\u00e9nin de la minist\u00e8re allemand de la Coop\u00e9ration \u00e9conomique et du D\u00e9veloppement. http:\/\/www.wetteronline.de\/wetter\/benin Le temps dans Benin. http:\/\/www.cotonou.diplo.de\/Vertretung\/cotonou\/fr\/Startseite.html L&#8217;Ambassade d&#8217;Allemagne \u00e0 Cotonou http:\/\/www.jeuneafrique.com Jeune Afrique Benin (politique quotidienne).<\/p>\n","protected":false},"author":2,"featured_media":0,"parent":461,"menu_order":0,"comment_status":"closed","ping_status":"closed","template":"","meta":{"footnotes":""},"language":[8],"class_list":["post-291","page","type-page","status-publish","hentry","language-fr_fr"],"_links":{"self":[{"href":"https:\/\/yaoui.de\/index.php?rest_route=\/wp\/v2\/pages\/291","targetHints":{"allow":["GET"]}}],"collection":[{"href":"https:\/\/yaoui.de\/index.php?rest_route=\/wp\/v2\/pages"}],"about":[{"href":"https:\/\/yaoui.de\/index.php?rest_route=\/wp\/v2\/types\/page"}],"author":[{"embeddable":true,"href":"https:\/\/yaoui.de\/index.php?rest_route=\/wp\/v2\/users\/2"}],"replies":[{"embeddable":true,"href":"https:\/\/yaoui.de\/index.php?rest_route=%2Fwp%2Fv2%2Fcomments&post=291"}],"version-history":[{"count":4,"href":"https:\/\/yaoui.de\/index.php?rest_route=\/wp\/v2\/pages\/291\/revisions"}],"predecessor-version":[{"id":802,"href":"https:\/\/yaoui.de\/index.php?rest_route=\/wp\/v2\/pages\/291\/revisions\/802"}],"up":[{"embeddable":true,"href":"https:\/\/yaoui.de\/index.php?rest_route=\/wp\/v2\/pages\/461"}],"wp:attachment":[{"href":"https:\/\/yaoui.de\/index.php?rest_route=%2Fwp%2Fv2%2Fmedia&parent=291"}],"wp:term":[{"taxonomy":"language","embeddable":true,"href":"https:\/\/yaoui.de\/index.php?rest_route=%2Fwp%2Fv2%2Flanguage&post=291"}],"curies":[{"name":"wp","href":"https:\/\/api.w.org\/{rel}","templated":true}]}}