{"id":453,"date":"2015-01-03T13:49:18","date_gmt":"2015-01-03T11:49:18","guid":{"rendered":"http:\/\/yaoui.de\/?page_id=453"},"modified":"2015-01-30T22:38:13","modified_gmt":"2015-01-30T20:38:13","slug":"sur-nous","status":"publish","type":"page","link":"https:\/\/yaoui.de\/?page_id=453","title":{"rendered":"sur nous"},"content":{"rendered":"<p>La fondation de l\u2019association Yaoui e.V. a eu lieu le 13 juin 2006 \u00e0 Bonn. Le nom de l\u2019association se d\u00e9rive du nom du village Yaoui \u00e0 B\u00e9nin auquel les initiateurs de l\u2019association ont entr\u00e9 en contact en 2002.<\/p>\n<p>Le but de l\u2019association est le soutien et l\u2019encouragement des projets d\u2019aide au d\u00e9veloppement dans des pays en voie de d\u00e9veloppement.<br \/>\nLe travail ne se focalise pas seulement sur le village Yaoui m\u00eame si les projets actuel se concentrant sur ce village. Il faut que le travail ancien \u00e0 Yaoui, bas\u00e9 sur le soutien de la paroisse \u00e9vang\u00e9lique Beuel, soit amplif\u00e9 et \u00e9ventuellement \u00e9tendu sur d\u2019autres domaines sociaux \u00e0 l\u2019avenir.<\/p>\n<p>Le projet actuel consiste en le soutien de l\u2019\u00e9cole \u00e0 Yaoui. L\u2019argent collect\u00e9 a \u00e9t\u00e9 remis personnellement aux proviseurs de l\u2019\u00e9cole et \u00e0 l\u2019\u00e9quipe dirigeante du village pendant les trois ann\u00e9es pass\u00e9es.<\/p>\n<p>Le voyage du membre de l\u2019association a \u00e9t\u00e9 financ\u00e9 d\u2019une autre source si bien que 100% d\u2019argent donn\u00e9s ont \u00e9t\u00e9 \u00e0 la disposition de l\u2019\u00e9cole.<\/p>\n<p>Avec cette contribution financi\u00e8re on a r\u00e9ussi \u00e0 couvrir une partie du salaire d\u2019un professeur qui a \u00e9t\u00e9 r\u00e9mun\u00e9r\u00e9 dans le pass\u00e9 des frais de scolarit\u00e9 des \u00e9l\u00e8ves. \u00c0 la suite de cette mesure on a pu baisser des frais de scolarit\u00e9 en sorte que maintenant plus de familles peuvent se permettre la d\u00e9pense de la fr\u00e9quentation de l\u2019\u00e9cole pour leurs enfants.<\/p>\n<p>En plus on a achet\u00e9 des mat\u00e9riaux d\u2019\u00e9tudes pour les \u00e9l\u00e8ves comme par exemple des livre, de la craie, des crayons, des cahiers etc.<\/p>\n<p>L\u2019effet de cette mesure \u00e9tait que le nombre des \u00e9l\u00e8ves a augment\u00e9 \u00e0 environ 25% et que l\u2019\u00e9cole a impos\u00e9 avec succ\u00e8s une demande au support financier pour l\u2019\u00e9largissement de l\u2019\u00e9cole au gouvernement.<\/p>\n<p>Toutes ces mesures sur place sont assur\u00e9es de nouveau par le soutien de la paroisse \u00e9vang\u00e9lique Beuel avec 700 Euro par ann\u00e9e pour les trois ann\u00e9es prochaines. Le but de l\u2019association, c\u2019est d\u2019intensifier la collaboration ancienne avec l\u2019\u00e9cole \u00e0 Yaoui et de l\u2019\u00e9tendre \u00e9ventuellement aux domaines \u00e9conomiques, sociaux et \u00e9cologiques. Afin de continuer \u00e0 soutenir le d\u00e9veloppement, nous vous remercions de votre soutien.<\/p>\n<\/div>\n","protected":false},"excerpt":{"rendered":"<p>La fondation de l\u2019association Yaoui e.V. a eu lieu le 13 juin 2006 \u00e0 Bonn. Le nom de l\u2019association se d\u00e9rive du nom du village Yaoui \u00e0 B\u00e9nin auquel les initiateurs de l\u2019association ont entr\u00e9 en contact en 2002. Le but de l\u2019association est le soutien et l\u2019encouragement des projets d\u2019aide au d\u00e9veloppement dans des &hellip; <a href=\"https:\/\/yaoui.de\/?page_id=453\" class=\"more-link\"><span class=\"screen-reader-text\">sur nous<\/span> weiterlesen <span class=\"meta-nav\">&rarr;<\/span><\/a><\/p>\n","protected":false},"author":2,"featured_media":0,"parent":0,"menu_order":0,"comment_status":"closed","ping_status":"closed","template":"","meta":{"footnotes":""},"language":[8],"class_list":["post-453","page","type-page","status-publish","hentry","language-fr_fr"],"_links":{"self":[{"href":"https:\/\/yaoui.de\/index.php?rest_route=\/wp\/v2\/pages\/453","targetHints":{"allow":["GET"]}}],"collection":[{"href":"https:\/\/yaoui.de\/index.php?rest_route=\/wp\/v2\/pages"}],"about":[{"href":"https:\/\/yaoui.de\/index.php?rest_route=\/wp\/v2\/types\/page"}],"author":[{"embeddable":true,"href":"https:\/\/yaoui.de\/index.php?rest_route=\/wp\/v2\/users\/2"}],"replies":[{"embeddable":true,"href":"https:\/\/yaoui.de\/index.php?rest_route=%2Fwp%2Fv2%2Fcomments&post=453"}],"version-history":[{"count":3,"href":"https:\/\/yaoui.de\/index.php?rest_route=\/wp\/v2\/pages\/453\/revisions"}],"predecessor-version":[{"id":782,"href":"https:\/\/yaoui.de\/index.php?rest_route=\/wp\/v2\/pages\/453\/revisions\/782"}],"wp:attachment":[{"href":"https:\/\/yaoui.de\/index.php?rest_route=%2Fwp%2Fv2%2Fmedia&parent=453"}],"wp:term":[{"taxonomy":"language","embeddable":true,"href":"https:\/\/yaoui.de\/index.php?rest_route=%2Fwp%2Fv2%2Flanguage&post=453"}],"curies":[{"name":"wp","href":"https:\/\/api.w.org\/{rel}","templated":true}]}}