{"id":461,"date":"2015-01-03T23:09:43","date_gmt":"2015-01-03T21:09:43","guid":{"rendered":"http:\/\/yaoui.de\/?page_id=461"},"modified":"2015-01-31T00:06:33","modified_gmt":"2015-01-30T22:06:33","slug":"yaoui-benin-2","status":"publish","type":"page","link":"https:\/\/yaoui.de\/?page_id=461","title":{"rendered":"yaoui, b\u00e9nin"},"content":{"rendered":"<p align=\"left\"><a href=\"http:\/\/yaoui.de\/wp-content\/uploads\/2014\/10\/afrika1_benin-ausschnitt.jpg\" rel=\"lightbox[258]\"><img loading=\"lazy\" decoding=\"async\" class=\"alignright wp-image-27 size-full\" src=\"http:\/\/yaoui.de\/wp-content\/uploads\/2014\/10\/afrika1_benin-ausschnitt.jpg\" alt=\"Karte Benin\" width=\"292\" height=\"200\" \/><\/a>B\u00e9nin se trouve en Afrique de l\u2019Ouest. Ce pays avoisine Togo et Burkina Faso \u00e0 l\u2019Ouest, Niger au Nord, Nigeria \u00e0 l\u2019Est et le golf de Guin\u00e9e (Atlantique) au Sud.<\/p>\n<p>Les zones de v\u00e9g\u00e9tation diff\u00e9rentes s\u2019imbriquent les uns dans les autres, des savanes s\u00e8ches et humides aux f\u00f4rets diverses, bien que B\u00e9nin soit situ\u00e9 dans la r\u00e9gion tropicale.<\/p>\n<p>En 2002 environ 6.6 millions de personnes d\u2019origine ethnique diff\u00e9rente vivent \u00e0 B\u00e9nin dont la plus grande densit\u00e9 d\u00e9mographique se trouve dans le sud, parce que la c\u00f4te est pr\u00e9domin\u00e9 par une haute agglomeration \u00e9conomique.<\/p>\n<p>B\u00e9nin fait partie des pays les plus pauvres du monde accompagn\u00e9 par un haut endettement vers l\u2019\u00e9tranger et par un fort surpeuplement. Mais aussi des conditions climatiques, le manque des services m\u00e9dicaux et des facteurs socioculturels am\u00e8nent des probl\u00e8mes de d\u00e9veloppement.<\/p>\n<p>Beaucoup de circonstances externes emp\u00eachent une croissance \u00e9conomique, mais peu \u00e0 peu on r\u00e9ussit \u00e0 soutenir le d\u00e9veloppement notamment parce que B\u00e9nin n\u2019est pas menac\u00e9 de la guerre civile.<\/p>\n<p>Une premi\u00e8re mesure tr\u00e8s importante pour un d\u00e9veloppement durable est une bonne \u00e9ducation des enfants et des jeunes.<\/p>\n<\/div>\n","protected":false},"excerpt":{"rendered":"<p>B\u00e9nin se trouve en Afrique de l\u2019Ouest. Ce pays avoisine Togo et Burkina Faso \u00e0 l\u2019Ouest, Niger au Nord, Nigeria \u00e0 l\u2019Est et le golf de Guin\u00e9e (Atlantique) au Sud. Les zones de v\u00e9g\u00e9tation diff\u00e9rentes s\u2019imbriquent les uns dans les autres, des savanes s\u00e8ches et humides aux f\u00f4rets diverses, bien que B\u00e9nin soit situ\u00e9 dans &hellip; <a href=\"https:\/\/yaoui.de\/?page_id=461\" class=\"more-link\"><span class=\"screen-reader-text\">yaoui, b\u00e9nin<\/span> weiterlesen <span class=\"meta-nav\">&rarr;<\/span><\/a><\/p>\n","protected":false},"author":2,"featured_media":0,"parent":0,"menu_order":0,"comment_status":"closed","ping_status":"closed","template":"","meta":{"footnotes":""},"language":[8],"class_list":["post-461","page","type-page","status-publish","hentry","language-fr_fr"],"_links":{"self":[{"href":"https:\/\/yaoui.de\/index.php?rest_route=\/wp\/v2\/pages\/461","targetHints":{"allow":["GET"]}}],"collection":[{"href":"https:\/\/yaoui.de\/index.php?rest_route=\/wp\/v2\/pages"}],"about":[{"href":"https:\/\/yaoui.de\/index.php?rest_route=\/wp\/v2\/types\/page"}],"author":[{"embeddable":true,"href":"https:\/\/yaoui.de\/index.php?rest_route=\/wp\/v2\/users\/2"}],"replies":[{"embeddable":true,"href":"https:\/\/yaoui.de\/index.php?rest_route=%2Fwp%2Fv2%2Fcomments&post=461"}],"version-history":[{"count":3,"href":"https:\/\/yaoui.de\/index.php?rest_route=\/wp\/v2\/pages\/461\/revisions"}],"predecessor-version":[{"id":800,"href":"https:\/\/yaoui.de\/index.php?rest_route=\/wp\/v2\/pages\/461\/revisions\/800"}],"wp:attachment":[{"href":"https:\/\/yaoui.de\/index.php?rest_route=%2Fwp%2Fv2%2Fmedia&parent=461"}],"wp:term":[{"taxonomy":"language","embeddable":true,"href":"https:\/\/yaoui.de\/index.php?rest_route=%2Fwp%2Fv2%2Flanguage&post=461"}],"curies":[{"name":"wp","href":"https:\/\/api.w.org\/{rel}","templated":true}]}}