{"id":467,"date":"2015-01-03T23:18:23","date_gmt":"2015-01-03T21:18:23","guid":{"rendered":"http:\/\/yaoui.de\/?page_id=467"},"modified":"2025-02-17T22:05:34","modified_gmt":"2025-02-17T20:05:34","slug":"devenir-actif","status":"publish","type":"page","link":"https:\/\/yaoui.de\/?page_id=467","title":{"rendered":"devenir actif"},"content":{"rendered":"\n<h3 class=\"wp-block-heading\">Devenir membre&#8230;<\/h3>\n\n\n\n<p>Une inscription chez Yaoui e.V. est possible par le formulaire sur notre \u201c<a href=\"http:\/\/yaoui.de\/wp-content\/uploads\/2024\/07\/Yaoui_Aufnahmeformular.pdf\">Aufnahmeformular<\/a>\u201d (en allemand). Envoyez le formulaire rempli et sign\u00e9 \u00e0 notre adresse que vous trouvez \u00e9galement sur notre \u201cpliant\u201d. L\u2019affiliation \u00e0 Yaoui e.V. est soumise \u00e0 une taxe de 18 Euro par ann\u00e9e. Nous nous r\u00e9jouissons de vous!<\/p>\n\n\n\n<div class=\"wp-block-buttons is-content-justification-center is-layout-flex wp-container-core-buttons-is-layout-16018d1d wp-block-buttons-is-layout-flex\">\n<div class=\"wp-block-button is-style-outline is-style-outline--1\"><a class=\"wp-block-button__link wp-element-button\" href=\"http:\/\/yaoui.de\/wp-content\/uploads\/2024\/07\/Yaoui_Aufnahmeformular.pdf\">Devinir membre<\/a><\/div>\n<\/div>\n\n\n\n<h3 class=\"wp-block-heading\">Faire un don&#8230;<\/h3>\n\n\n\n<p>Si vous voulez faire un don pour le travail de Yaoui e.V. m\u00eame sans \u00eatre membre, nous vous prions d\u2019utiliser les coordonn\u00e9es bancaires:<\/p>\n\n\n\n<p>Volksbank K\u00f6ln Bonn eG<br>IBAN: DE20 3806 0186 0503 2660 16<br>BIC: GENODED1BRS<\/p>\n\n\n\n<p>L\u00e0 vous pouvez demander \u00e0 tout moment quels projets sont patronn\u00e9s concr\u00e8tement.<\/p>\n\n\n\n<p>Nous voulons vous faire remarquer que nous n\u2019\u00e9mettons de recu de don qu\u2019 \u00e0 partir d\u2019un don de 100 Euros. Pour un montant plus bas vous pouvez pr\u00e9senter votre extrait de compte \u00e0 l\u2019administration fiscale.<\/p>\n\n\n\n<p>Dans ce cas vous devrez d\u00e9clarer les informations suivantes comme motif paiement:<\/p>\n\n\n\n<p>don d\u2019argent pour Yaoui e.V., VR 8706, Amtsgericht Bonn<\/p>\n\n\n\n<p>Dans le cas o\u00f9 votre administration fiscale n\u2019acceptera pas cette preuve, nous pouvons vous \u00e9mettre \u00e0 tout moment un certificat de don ult\u00e9rieurement.<\/p>\n","protected":false},"excerpt":{"rendered":"<p>Devenir membre&#8230; Une inscription chez Yaoui e.V. est possible par le formulaire sur notre \u201cAufnahmeformular\u201d (en allemand). Envoyez le formulaire rempli et sign\u00e9 \u00e0 notre adresse que vous trouvez \u00e9galement sur notre \u201cpliant\u201d. L\u2019affiliation \u00e0 Yaoui e.V. est soumise \u00e0 une taxe de 18 Euro par ann\u00e9e. Nous nous r\u00e9jouissons de vous! Faire un don&#8230; &hellip; <a href=\"https:\/\/yaoui.de\/?page_id=467\" class=\"more-link\"><span class=\"screen-reader-text\">devenir actif<\/span> weiterlesen <span class=\"meta-nav\">&rarr;<\/span><\/a><\/p>\n","protected":false},"author":2,"featured_media":0,"parent":0,"menu_order":0,"comment_status":"closed","ping_status":"closed","template":"","meta":{"footnotes":""},"language":[8],"class_list":["post-467","page","type-page","status-publish","hentry","language-fr_fr"],"_links":{"self":[{"href":"https:\/\/yaoui.de\/index.php?rest_route=\/wp\/v2\/pages\/467","targetHints":{"allow":["GET"]}}],"collection":[{"href":"https:\/\/yaoui.de\/index.php?rest_route=\/wp\/v2\/pages"}],"about":[{"href":"https:\/\/yaoui.de\/index.php?rest_route=\/wp\/v2\/types\/page"}],"author":[{"embeddable":true,"href":"https:\/\/yaoui.de\/index.php?rest_route=\/wp\/v2\/users\/2"}],"replies":[{"embeddable":true,"href":"https:\/\/yaoui.de\/index.php?rest_route=%2Fwp%2Fv2%2Fcomments&post=467"}],"version-history":[{"count":8,"href":"https:\/\/yaoui.de\/index.php?rest_route=\/wp\/v2\/pages\/467\/revisions"}],"predecessor-version":[{"id":1515,"href":"https:\/\/yaoui.de\/index.php?rest_route=\/wp\/v2\/pages\/467\/revisions\/1515"}],"wp:attachment":[{"href":"https:\/\/yaoui.de\/index.php?rest_route=%2Fwp%2Fv2%2Fmedia&parent=467"}],"wp:term":[{"taxonomy":"language","embeddable":true,"href":"https:\/\/yaoui.de\/index.php?rest_route=%2Fwp%2Fv2%2Flanguage&post=467"}],"curies":[{"name":"wp","href":"https:\/\/api.w.org\/{rel}","templated":true}]}}