{"id":62,"date":"2014-10-18T01:08:08","date_gmt":"2014-10-17T23:08:08","guid":{"rendered":"http:\/\/yaoui.de\/?page_id=62"},"modified":"2025-02-17T22:04:43","modified_gmt":"2025-02-17T20:04:43","slug":"aktiv-werden","status":"publish","type":"page","link":"https:\/\/yaoui.de\/?page_id=62","title":{"rendered":"aktiv werden"},"content":{"rendered":"\n<h3 class=\"wp-block-heading\">Als Mitglied &#8230;<\/h3>\n\n\n\n<p>Eine Anmeldung bei Yaoui e.V. ist \u00fcber das Formular auf unserem <a rel=\"noopener noreferrer\" href=\"http:\/\/yaoui.de\/wp-content\/uploads\/2021\/05\/Flyer_Vorlage_2021.pdf\" target=\"_blank\">Infoflyer <\/a>oder \u00fcber das <a href=\"http:\/\/yaoui.de\/wp-content\/uploads\/2024\/07\/Yaoui_Aufnahmeformular.pdf\">Aufnahmeformular <\/a>m\u00f6glich. Bitte schicken Sie das ausgef\u00fcllte und unterschriebene Formular an unsere Kontakt-Adresse,  welche dem Flyer entnommen werden kann und auf dem Anmeldeformular vorgedruckt ist. F\u00fcr die Mitgliedschaft bei Yaoui e.V. wird eine Jahresgeb\u00fchr von 18 \u20ac erhoben. Wir freuen uns auf Sie!<\/p>\n\n\n\n<div class=\"wp-block-buttons alignfull is-content-justification-center is-layout-flex wp-container-core-buttons-is-layout-28206b41 wp-block-buttons-is-layout-flex\">\n<div class=\"wp-block-button is-style-outline is-style-outline--1\"><a class=\"wp-block-button__link wp-element-button\" href=\"http:\/\/yaoui.de\/wp-content\/uploads\/2024\/07\/Yaoui_Aufnahmeformular.pdf\">Mitglied werden<\/a><\/div>\n<\/div>\n\n\n\n<h3 class=\"wp-block-heading\">Mit einer Spende &#8230;<\/h3>\n\n\n\n<p>Wenn Sie f\u00fcr die Arbeit von Yaoui e.V. spenden m\u00f6chten, auch ohne Mitglied zu sein, nutzen Sie unser Spendenkonto:<\/p>\n\n\n\n<p>Volksbank K\u00f6ln Bonn eG<br>IBAN: DE20 3806 0186 0503 2660 16<br>BIC: GENODED1BRS<\/p>\n\n\n\n<p>Sprechen Sie uns einfach an und fragen, welche Projekte von Yaoui e.V. konkret unterst\u00fctzt werden.<br>Wir m\u00f6chten\u00a0 Sie darauf hinweisen, dass wir erst ab einer Spende von 100\u20ac eine Spendenquittung ausstellen. F\u00fcr einen Betrag darunter k\u00f6nnen Sie dem Finanzamt ihren Kontoauszug vorlegen. Daf\u00fcr m\u00fcssen aber folgende Informationen als Verwendungszweck angegeben werden:<br>Geldspende f\u00fcr Yaoui e.V. , VR 8706, Amtsgericht Bonn<br><\/p>\n","protected":false},"excerpt":{"rendered":"<p>Als Mitglied &#8230; Eine Anmeldung bei Yaoui e.V. ist \u00fcber das Formular auf unserem Infoflyer oder \u00fcber das Aufnahmeformular m\u00f6glich. Bitte schicken Sie das ausgef\u00fcllte und unterschriebene Formular an unsere Kontakt-Adresse, welche dem Flyer entnommen werden kann und auf dem Anmeldeformular vorgedruckt ist. F\u00fcr die Mitgliedschaft bei Yaoui e.V. wird eine Jahresgeb\u00fchr von 18 \u20ac &hellip; <a href=\"https:\/\/yaoui.de\/?page_id=62\" class=\"more-link\"><span class=\"screen-reader-text\">aktiv werden<\/span> weiterlesen <span class=\"meta-nav\">&rarr;<\/span><\/a><\/p>\n","protected":false},"author":1,"featured_media":0,"parent":0,"menu_order":0,"comment_status":"closed","ping_status":"closed","template":"","meta":{"footnotes":""},"language":[7],"class_list":["post-62","page","type-page","status-publish","hentry","language-de_de"],"_links":{"self":[{"href":"https:\/\/yaoui.de\/index.php?rest_route=\/wp\/v2\/pages\/62","targetHints":{"allow":["GET"]}}],"collection":[{"href":"https:\/\/yaoui.de\/index.php?rest_route=\/wp\/v2\/pages"}],"about":[{"href":"https:\/\/yaoui.de\/index.php?rest_route=\/wp\/v2\/types\/page"}],"author":[{"embeddable":true,"href":"https:\/\/yaoui.de\/index.php?rest_route=\/wp\/v2\/users\/1"}],"replies":[{"embeddable":true,"href":"https:\/\/yaoui.de\/index.php?rest_route=%2Fwp%2Fv2%2Fcomments&post=62"}],"version-history":[{"count":13,"href":"https:\/\/yaoui.de\/index.php?rest_route=\/wp\/v2\/pages\/62\/revisions"}],"predecessor-version":[{"id":1514,"href":"https:\/\/yaoui.de\/index.php?rest_route=\/wp\/v2\/pages\/62\/revisions\/1514"}],"wp:attachment":[{"href":"https:\/\/yaoui.de\/index.php?rest_route=%2Fwp%2Fv2%2Fmedia&parent=62"}],"wp:term":[{"taxonomy":"language","embeddable":true,"href":"https:\/\/yaoui.de\/index.php?rest_route=%2Fwp%2Fv2%2Flanguage&post=62"}],"curies":[{"name":"wp","href":"https:\/\/api.w.org\/{rel}","templated":true}]}}