{"id":915,"date":"2017-01-15T22:55:34","date_gmt":"2017-01-15T20:55:34","guid":{"rendered":"http:\/\/yaoui.de\/?page_id=915"},"modified":"2021-05-06T21:41:56","modified_gmt":"2021-05-06T19:41:56","slug":"videos","status":"publish","type":"page","link":"https:\/\/yaoui.de\/?page_id=915","title":{"rendered":"videos"},"content":{"rendered":"<p><iframe loading=\"lazy\" title=\"Was ist Yaoui e.V.\" width=\"604\" height=\"340\" src=\"https:\/\/www.youtube.com\/embed\/b0bF1izVRac?feature=oembed\" frameborder=\"0\" allow=\"accelerometer; autoplay; clipboard-write; encrypted-media; gyroscope; picture-in-picture; web-share\" referrerpolicy=\"strict-origin-when-cross-origin\" allowfullscreen><\/iframe><\/p>\n\n\n<p><\/p>\n\n\n\n<p><strong>Kulturwissenschaftliches Symposium<br><\/strong>Vom 20.-23. Dezember 2018 fand in Yaoui ein kulturwissenschaftliches Symposium statt. Ziel war es, das Wissen \u00fcber die bedeutende arch\u00e4ologische St\u00e4tte <strong>Etoo<\/strong> zu sammeln, die in unmittelbarer N\u00e4he des Ortes Yaoui liegt. Das Fort Etoo ist von gro\u00dfer historischer Bedeutung f\u00fcr die Bev\u00f6lkerung der Region.<\/p>\n\n\n\n<p>Zur <a href=\"http:\/\/yaoui.de\/wp-content\/uploads\/2019\/08\/RAPPORT-SYMPOSIUM-YAOUI-Fb.pdf\">Zusammenfassung des Symposiums<\/a> (auf franz\u00f6sisch)<\/p>\n\n\n\n<p>Das <strong>n\u00e4chste Symposium<\/strong> ist f\u00fcr den <strong>19.-20. Dezember 2019<\/strong> geplant. Aktuell l\u00e4uft ein Aufruf zum Einreichen von Beitr\u00e4gen: <a href=\"http:\/\/yaoui.de\/wp-content\/uploads\/2019\/08\/English-SYMPOSIUM-CULTUREL-de-YAOUI-020819.pdf\">Call for papers<\/a> (auf englisch, offen bis 30. Oktober 2019).<\/p>\n\n\n\n<p>Video \u00fcber die arch\u00e4ologische St\u00e4tte Etoo:<\/p>\n\n\n\n<figure class=\"wp-block-embed is-type-rich is-provider-handler-einbetten wp-block-embed-handler-einbetten wp-embed-aspect-16-9 wp-has-aspect-ratio\"><div class=\"wp-block-embed__wrapper\">\n<iframe loading=\"lazy\" title=\"Site arch\u00e9ologique de Yaoui\" width=\"604\" height=\"340\" src=\"https:\/\/www.youtube.com\/embed\/yQohst8qcNI?feature=oembed\" frameborder=\"0\" allow=\"accelerometer; autoplay; clipboard-write; encrypted-media; gyroscope; picture-in-picture; web-share\" referrerpolicy=\"strict-origin-when-cross-origin\" allowfullscreen><\/iframe>\n<\/div><\/figure>\n","protected":false},"excerpt":{"rendered":"<p>Kulturwissenschaftliches SymposiumVom 20.-23. Dezember 2018 fand in Yaoui ein kulturwissenschaftliches Symposium statt. Ziel war es, das Wissen \u00fcber die bedeutende arch\u00e4ologische St\u00e4tte Etoo zu sammeln, die in unmittelbarer N\u00e4he des Ortes Yaoui liegt. Das Fort Etoo ist von gro\u00dfer historischer Bedeutung f\u00fcr die Bev\u00f6lkerung der Region. Zur Zusammenfassung des Symposiums (auf franz\u00f6sisch) Das n\u00e4chste Symposium &hellip; <a href=\"https:\/\/yaoui.de\/?page_id=915\" class=\"more-link\"><span class=\"screen-reader-text\">videos<\/span> weiterlesen <span class=\"meta-nav\">&rarr;<\/span><\/a><\/p>\n","protected":false},"author":2,"featured_media":0,"parent":26,"menu_order":0,"comment_status":"closed","ping_status":"closed","template":"","meta":{"footnotes":""},"language":[7],"class_list":["post-915","page","type-page","status-publish","hentry","language-de_de"],"_links":{"self":[{"href":"https:\/\/yaoui.de\/index.php?rest_route=\/wp\/v2\/pages\/915","targetHints":{"allow":["GET"]}}],"collection":[{"href":"https:\/\/yaoui.de\/index.php?rest_route=\/wp\/v2\/pages"}],"about":[{"href":"https:\/\/yaoui.de\/index.php?rest_route=\/wp\/v2\/types\/page"}],"author":[{"embeddable":true,"href":"https:\/\/yaoui.de\/index.php?rest_route=\/wp\/v2\/users\/2"}],"replies":[{"embeddable":true,"href":"https:\/\/yaoui.de\/index.php?rest_route=%2Fwp%2Fv2%2Fcomments&post=915"}],"version-history":[{"count":3,"href":"https:\/\/yaoui.de\/index.php?rest_route=\/wp\/v2\/pages\/915\/revisions"}],"predecessor-version":[{"id":1146,"href":"https:\/\/yaoui.de\/index.php?rest_route=\/wp\/v2\/pages\/915\/revisions\/1146"}],"up":[{"embeddable":true,"href":"https:\/\/yaoui.de\/index.php?rest_route=\/wp\/v2\/pages\/26"}],"wp:attachment":[{"href":"https:\/\/yaoui.de\/index.php?rest_route=%2Fwp%2Fv2%2Fmedia&parent=915"}],"wp:term":[{"taxonomy":"language","embeddable":true,"href":"https:\/\/yaoui.de\/index.php?rest_route=%2Fwp%2Fv2%2Flanguage&post=915"}],"curies":[{"name":"wp","href":"https:\/\/api.w.org\/{rel}","templated":true}]}}