{"id":95,"date":"2014-10-26T16:25:37","date_gmt":"2014-10-26T14:25:37","guid":{"rendered":"http:\/\/yaoui.de\/?page_id=95"},"modified":"2026-01-12T18:28:52","modified_gmt":"2026-01-12T16:28:52","slug":"startseite","status":"publish","type":"page","link":"https:\/\/yaoui.de\/","title":{"rendered":"startseite"},"content":{"rendered":"\n<figure class=\"wp-block-image\"><a href=\"http:\/\/yaoui.de\/wp-content\/uploads\/2014\/10\/Vereinslogo_neu.jpg\" rel=\"lightbox[1234]\"><img loading=\"lazy\" decoding=\"async\" width=\"550\" height=\"130\" src=\"http:\/\/yaoui.de\/wp-content\/uploads\/2014\/10\/Vereinslogo_neu.jpg\" alt=\"Logo-Banner\" class=\"wp-image-94\" srcset=\"https:\/\/yaoui.de\/wp-content\/uploads\/2014\/10\/Vereinslogo_neu.jpg 550w, https:\/\/yaoui.de\/wp-content\/uploads\/2014\/10\/Vereinslogo_neu-300x70.jpg 300w\" sizes=\"auto, (max-width: 550px) 100vw, 550px\" \/><\/a><\/figure>\n\n\n\n<p>Der gemeinn\u00fctzige Verein Yaoui e.V. unterst\u00fctzt Hilfsprojekte in Entwicklungsl\u00e4ndern. Der derzeitige Schwerpunkt liegt in Yaoui, einem Dorf in Benin\/Westafrika, wo wir eine Schule unterst\u00fctzen und damit den Kindern des Dorfes und seiner Umgebung Zugang zu Bildung erm\u00f6glichen.<\/p>\n\n\n\n<p>Weitere Details und Informationen zur Mitgliedschaft entnehmen Sie bitte unserem <a href=\"http:\/\/yaoui.de\/wp-content\/uploads\/2021\/05\/Flyer_Vorlage_2021.pdf\" target=\"_blank\" rel=\"noopener noreferrer\">Infoflyer <\/a><\/p>\n\n\n\n<div class=\"wp-block-buttons is-layout-flex wp-block-buttons-is-layout-flex\">\n<div class=\"wp-block-button has-custom-width wp-block-button__width-100 is-style-outline is-style-outline--1\"><a class=\"wp-block-button__link wp-element-button\" href=\"http:\/\/yaoui.de\/wp-content\/uploads\/2024\/07\/Yaoui_Aufnahmeformular.pdf\">Jetzt Mitglied werden!<\/a><\/div>\n<\/div>\n\n\n\n<h2 class=\"wp-block-heading\">Kalenderaktion<\/h2>\n\n\n\n<p>Ab sofort sind unsere Kalender verf\u00fcgbar, die gegen eine Spende an euch \u00fcbergeben oder versendet werden. Zur Auswahl stehen 2 Varianten:<\/p>\n\n\n\n<ul class=\"wp-block-list\">\n<li>Den Postkartenkalender erhaltet Ihr gegen eine Spende in H\u00f6he von 12\u20ac (= 4\u20ac Erl\u00f6s)<\/li>\n<\/ul>\n\n\n\n<ul class=\"wp-block-list\">\n<li>Den DIN A4 Bilderkalender erhaltet Ihr gegen eine Spende in H\u00f6he von 20\u20ac (= 8\u20ac Erl\u00f6s)<\/li>\n<\/ul>\n\n\n\n<div class=\"wp-block-buttons is-content-justification-center is-layout-flex wp-container-core-buttons-is-layout-16018d1d wp-block-buttons-is-layout-flex\">\n<div class=\"wp-block-button is-style-outline is-style-outline--2\"><a class=\"wp-block-button__link wp-element-button\" href=\"https:\/\/yaoui.de\/?page_id=1349\">Zur Bestellseite<\/a><\/div>\n<\/div>\n\n\n\n<p><\/p>\n\n\n\n<figure class=\"wp-block-gallery has-nested-images columns-default is-cropped wp-block-gallery-3 is-layout-flex wp-block-gallery-is-layout-flex\">\n<figure data-wp-context=\"{&quot;imageId&quot;:&quot;69f0a3f16385a&quot;}\" data-wp-interactive=\"core\/image\" class=\"wp-block-image size-full wp-lightbox-container\"><img loading=\"lazy\" decoding=\"async\" width=\"2560\" height=\"1707\" data-wp-class--hide=\"state.isContentHidden\" data-wp-class--show=\"state.isContentVisible\" data-wp-init=\"callbacks.setButtonStyles\" data-wp-on-async--click=\"actions.showLightbox\" data-wp-on-async--load=\"callbacks.setButtonStyles\" data-wp-on-async-window--resize=\"callbacks.setButtonStyles\" data-id=\"1422\" src=\"https:\/\/yaoui.de\/wp-content\/uploads\/2024\/10\/Yaoui-Kalender-bearbeitet-5-1-scaled.jpg\" alt=\"\" class=\"wp-image-1422\" srcset=\"https:\/\/yaoui.de\/wp-content\/uploads\/2024\/10\/Yaoui-Kalender-bearbeitet-5-1-scaled.jpg 2560w, https:\/\/yaoui.de\/wp-content\/uploads\/2024\/10\/Yaoui-Kalender-bearbeitet-5-1-300x200.jpg 300w, https:\/\/yaoui.de\/wp-content\/uploads\/2024\/10\/Yaoui-Kalender-bearbeitet-5-1-1024x683.jpg 1024w, https:\/\/yaoui.de\/wp-content\/uploads\/2024\/10\/Yaoui-Kalender-bearbeitet-5-1-768x512.jpg 768w, https:\/\/yaoui.de\/wp-content\/uploads\/2024\/10\/Yaoui-Kalender-bearbeitet-5-1-1536x1024.jpg 1536w, https:\/\/yaoui.de\/wp-content\/uploads\/2024\/10\/Yaoui-Kalender-bearbeitet-5-1-2048x1365.jpg 2048w, https:\/\/yaoui.de\/wp-content\/uploads\/2024\/10\/Yaoui-Kalender-bearbeitet-5-1-272x182.jpg 272w\" sizes=\"auto, (max-width: 2560px) 100vw, 2560px\" \/><button\n\t\t\tclass=\"lightbox-trigger\"\n\t\t\ttype=\"button\"\n\t\t\taria-haspopup=\"dialog\"\n\t\t\taria-label=\"Vergr\u00f6\u00dfern\"\n\t\t\tdata-wp-init=\"callbacks.initTriggerButton\"\n\t\t\tdata-wp-on-async--click=\"actions.showLightbox\"\n\t\t\tdata-wp-style--right=\"state.imageButtonRight\"\n\t\t\tdata-wp-style--top=\"state.imageButtonTop\"\n\t\t>\n\t\t\t<svg xmlns=\"http:\/\/www.w3.org\/2000\/svg\" width=\"12\" height=\"12\" fill=\"none\" viewBox=\"0 0 12 12\">\n\t\t\t\t<path fill=\"#fff\" d=\"M2 0a2 2 0 0 0-2 2v2h1.5V2a.5.5 0 0 1 .5-.5h2V0H2Zm2 10.5H2a.5.5 0 0 1-.5-.5V8H0v2a2 2 0 0 0 2 2h2v-1.5ZM8 12v-1.5h2a.5.5 0 0 0 .5-.5V8H12v2a2 2 0 0 1-2 2H8Zm2-12a2 2 0 0 1 2 2v2h-1.5V2a.5.5 0 0 0-.5-.5H8V0h2Z\" \/>\n\t\t\t<\/svg>\n\t\t<\/button><figcaption class=\"wp-element-caption\">Beispielbild Postkartenkalender<\/figcaption><\/figure>\n\n\n\n<figure data-wp-context=\"{&quot;imageId&quot;:&quot;69f0a3f163bf7&quot;}\" data-wp-interactive=\"core\/image\" class=\"wp-block-image size-full wp-lightbox-container\"><img loading=\"lazy\" decoding=\"async\" width=\"2560\" height=\"1707\" data-wp-class--hide=\"state.isContentHidden\" data-wp-class--show=\"state.isContentVisible\" data-wp-init=\"callbacks.setButtonStyles\" data-wp-on-async--click=\"actions.showLightbox\" data-wp-on-async--load=\"callbacks.setButtonStyles\" data-wp-on-async-window--resize=\"callbacks.setButtonStyles\" data-id=\"1423\" src=\"https:\/\/yaoui.de\/wp-content\/uploads\/2024\/10\/Yaoui-Kalender-bearbeitet-3-scaled.jpg\" alt=\"\" class=\"wp-image-1423\" srcset=\"https:\/\/yaoui.de\/wp-content\/uploads\/2024\/10\/Yaoui-Kalender-bearbeitet-3-scaled.jpg 2560w, https:\/\/yaoui.de\/wp-content\/uploads\/2024\/10\/Yaoui-Kalender-bearbeitet-3-300x200.jpg 300w, https:\/\/yaoui.de\/wp-content\/uploads\/2024\/10\/Yaoui-Kalender-bearbeitet-3-1024x683.jpg 1024w, https:\/\/yaoui.de\/wp-content\/uploads\/2024\/10\/Yaoui-Kalender-bearbeitet-3-768x512.jpg 768w, https:\/\/yaoui.de\/wp-content\/uploads\/2024\/10\/Yaoui-Kalender-bearbeitet-3-1536x1024.jpg 1536w, https:\/\/yaoui.de\/wp-content\/uploads\/2024\/10\/Yaoui-Kalender-bearbeitet-3-2048x1365.jpg 2048w, https:\/\/yaoui.de\/wp-content\/uploads\/2024\/10\/Yaoui-Kalender-bearbeitet-3-272x182.jpg 272w\" sizes=\"auto, (max-width: 2560px) 100vw, 2560px\" \/><button\n\t\t\tclass=\"lightbox-trigger\"\n\t\t\ttype=\"button\"\n\t\t\taria-haspopup=\"dialog\"\n\t\t\taria-label=\"Vergr\u00f6\u00dfern\"\n\t\t\tdata-wp-init=\"callbacks.initTriggerButton\"\n\t\t\tdata-wp-on-async--click=\"actions.showLightbox\"\n\t\t\tdata-wp-style--right=\"state.imageButtonRight\"\n\t\t\tdata-wp-style--top=\"state.imageButtonTop\"\n\t\t>\n\t\t\t<svg xmlns=\"http:\/\/www.w3.org\/2000\/svg\" width=\"12\" height=\"12\" fill=\"none\" viewBox=\"0 0 12 12\">\n\t\t\t\t<path fill=\"#fff\" d=\"M2 0a2 2 0 0 0-2 2v2h1.5V2a.5.5 0 0 1 .5-.5h2V0H2Zm2 10.5H2a.5.5 0 0 1-.5-.5V8H0v2a2 2 0 0 0 2 2h2v-1.5ZM8 12v-1.5h2a.5.5 0 0 0 .5-.5V8H12v2a2 2 0 0 1-2 2H8Zm2-12a2 2 0 0 1 2 2v2h-1.5V2a.5.5 0 0 0-.5-.5H8V0h2Z\" \/>\n\t\t\t<\/svg>\n\t\t<\/button><figcaption class=\"wp-element-caption\">Beispielbild Din A4 Kalender<\/figcaption><\/figure>\n<\/figure>\n\n\n\n<figure class=\"wp-block-gallery has-nested-images columns-default is-cropped wp-block-gallery-4 is-layout-flex wp-block-gallery-is-layout-flex\">\n<figure data-wp-context=\"{&quot;imageId&quot;:&quot;69f0a3f164074&quot;}\" data-wp-interactive=\"core\/image\" class=\"wp-block-image size-large wp-lightbox-container\"><img loading=\"lazy\" decoding=\"async\" width=\"1024\" height=\"683\" data-wp-class--hide=\"state.isContentHidden\" data-wp-class--show=\"state.isContentVisible\" data-wp-init=\"callbacks.setButtonStyles\" data-wp-on-async--click=\"actions.showLightbox\" data-wp-on-async--load=\"callbacks.setButtonStyles\" data-wp-on-async-window--resize=\"callbacks.setButtonStyles\" data-id=\"1413\" src=\"https:\/\/yaoui.de\/wp-content\/uploads\/2024\/10\/Yaoui-Kalender-bearbeitet-7-1024x683.jpg\" alt=\"\" class=\"wp-image-1413\" srcset=\"https:\/\/yaoui.de\/wp-content\/uploads\/2024\/10\/Yaoui-Kalender-bearbeitet-7-1024x683.jpg 1024w, https:\/\/yaoui.de\/wp-content\/uploads\/2024\/10\/Yaoui-Kalender-bearbeitet-7-300x200.jpg 300w, https:\/\/yaoui.de\/wp-content\/uploads\/2024\/10\/Yaoui-Kalender-bearbeitet-7-768x512.jpg 768w, https:\/\/yaoui.de\/wp-content\/uploads\/2024\/10\/Yaoui-Kalender-bearbeitet-7-1536x1024.jpg 1536w, https:\/\/yaoui.de\/wp-content\/uploads\/2024\/10\/Yaoui-Kalender-bearbeitet-7-2048x1365.jpg 2048w, https:\/\/yaoui.de\/wp-content\/uploads\/2024\/10\/Yaoui-Kalender-bearbeitet-7-272x182.jpg 272w\" sizes=\"auto, (max-width: 1024px) 100vw, 1024px\" \/><button\n\t\t\tclass=\"lightbox-trigger\"\n\t\t\ttype=\"button\"\n\t\t\taria-haspopup=\"dialog\"\n\t\t\taria-label=\"Vergr\u00f6\u00dfern\"\n\t\t\tdata-wp-init=\"callbacks.initTriggerButton\"\n\t\t\tdata-wp-on-async--click=\"actions.showLightbox\"\n\t\t\tdata-wp-style--right=\"state.imageButtonRight\"\n\t\t\tdata-wp-style--top=\"state.imageButtonTop\"\n\t\t>\n\t\t\t<svg xmlns=\"http:\/\/www.w3.org\/2000\/svg\" width=\"12\" height=\"12\" fill=\"none\" viewBox=\"0 0 12 12\">\n\t\t\t\t<path fill=\"#fff\" d=\"M2 0a2 2 0 0 0-2 2v2h1.5V2a.5.5 0 0 1 .5-.5h2V0H2Zm2 10.5H2a.5.5 0 0 1-.5-.5V8H0v2a2 2 0 0 0 2 2h2v-1.5ZM8 12v-1.5h2a.5.5 0 0 0 .5-.5V8H12v2a2 2 0 0 1-2 2H8Zm2-12a2 2 0 0 1 2 2v2h-1.5V2a.5.5 0 0 0-.5-.5H8V0h2Z\" \/>\n\t\t\t<\/svg>\n\t\t<\/button><figcaption class=\"wp-element-caption\">Postkartenkalender<\/figcaption><\/figure>\n\n\n\n<figure data-wp-context=\"{&quot;imageId&quot;:&quot;69f0a3f1643d5&quot;}\" data-wp-interactive=\"core\/image\" class=\"wp-block-image size-large wp-lightbox-container\"><img loading=\"lazy\" decoding=\"async\" width=\"1024\" height=\"683\" data-wp-class--hide=\"state.isContentHidden\" data-wp-class--show=\"state.isContentVisible\" data-wp-init=\"callbacks.setButtonStyles\" data-wp-on-async--click=\"actions.showLightbox\" data-wp-on-async--load=\"callbacks.setButtonStyles\" data-wp-on-async-window--resize=\"callbacks.setButtonStyles\" data-id=\"1412\" src=\"https:\/\/yaoui.de\/wp-content\/uploads\/2024\/10\/Yaoui-Kalender-bearbeitet-1-1024x683.jpg\" alt=\"\" class=\"wp-image-1412\" srcset=\"https:\/\/yaoui.de\/wp-content\/uploads\/2024\/10\/Yaoui-Kalender-bearbeitet-1-1024x683.jpg 1024w, https:\/\/yaoui.de\/wp-content\/uploads\/2024\/10\/Yaoui-Kalender-bearbeitet-1-300x200.jpg 300w, https:\/\/yaoui.de\/wp-content\/uploads\/2024\/10\/Yaoui-Kalender-bearbeitet-1-768x512.jpg 768w, https:\/\/yaoui.de\/wp-content\/uploads\/2024\/10\/Yaoui-Kalender-bearbeitet-1-1536x1024.jpg 1536w, https:\/\/yaoui.de\/wp-content\/uploads\/2024\/10\/Yaoui-Kalender-bearbeitet-1-2048x1365.jpg 2048w, https:\/\/yaoui.de\/wp-content\/uploads\/2024\/10\/Yaoui-Kalender-bearbeitet-1-272x182.jpg 272w\" sizes=\"auto, (max-width: 1024px) 100vw, 1024px\" \/><button\n\t\t\tclass=\"lightbox-trigger\"\n\t\t\ttype=\"button\"\n\t\t\taria-haspopup=\"dialog\"\n\t\t\taria-label=\"Vergr\u00f6\u00dfern\"\n\t\t\tdata-wp-init=\"callbacks.initTriggerButton\"\n\t\t\tdata-wp-on-async--click=\"actions.showLightbox\"\n\t\t\tdata-wp-style--right=\"state.imageButtonRight\"\n\t\t\tdata-wp-style--top=\"state.imageButtonTop\"\n\t\t>\n\t\t\t<svg xmlns=\"http:\/\/www.w3.org\/2000\/svg\" width=\"12\" height=\"12\" fill=\"none\" viewBox=\"0 0 12 12\">\n\t\t\t\t<path fill=\"#fff\" d=\"M2 0a2 2 0 0 0-2 2v2h1.5V2a.5.5 0 0 1 .5-.5h2V0H2Zm2 10.5H2a.5.5 0 0 1-.5-.5V8H0v2a2 2 0 0 0 2 2h2v-1.5ZM8 12v-1.5h2a.5.5 0 0 0 .5-.5V8H12v2a2 2 0 0 1-2 2H8Zm2-12a2 2 0 0 1 2 2v2h-1.5V2a.5.5 0 0 0-.5-.5H8V0h2Z\" \/>\n\t\t\t<\/svg>\n\t\t<\/button><figcaption class=\"wp-element-caption\">Din A4 Kalender<\/figcaption><\/figure>\n<\/figure>\n\n\n\n<p>Im Postkartenkalender findet Ihr eine Vielzahl an Bildern, welche die Kinder der in Yaoui gemalt haben. Diese Bilder k\u00f6nnt ihr durch das praktische Postkartenformat mit euren Freunden Teilen. Im Din A4 Kalender findet ihr eine Gro\u00dfzahl an Bildern, welche das leben in Benin darstellen.<\/p>\n\n\n\n<p>Alle Erl\u00f6se der Kalenderaktion flie\u00dfen in B\u00fccher f\u00fcr die Bibliothek der Schule!<\/p>\n\n\n\n<div class=\"wp-block-buttons is-content-justification-center is-layout-flex wp-container-core-buttons-is-layout-16018d1d wp-block-buttons-is-layout-flex\">\n<div class=\"wp-block-button is-style-outline is-style-outline--5\"><a class=\"wp-block-button__link wp-element-button\" href=\"https:\/\/yaoui.de\/?page_id=1349\">Zur Bestellseite<\/a><\/div>\n<\/div>\n\n\n\n<div class=\"wp-block-fruitful-blocks-fruitful-sep undefined ff fruitful_sep\" style=\"background-color:#db572f;height:5px\"><\/div>\n\n\n\n<p><strong>Save the Date Mitgliederversammlung 2026<\/strong><br>Wann:<br>Samstag, 31. Januar 2026 <br>um 17:00 Uhr<\/p>\n\n\n\n<p>Wo:<br>Haus der Diakonie Hilden,<br>St. Konrad Allee 76a in 40723 Hilden<\/p>\n\n\n\n<div class=\"wp-block-fruitful-blocks-fruitful-sep undefined ff fruitful_sep\" style=\"background-color:#db572f;height:5px\"><\/div>\n\n\n<div id=\"metaslider-id-742\" style=\"max-width: 700px;\" class=\"ml-slider-3-92-0 metaslider metaslider-flex metaslider-742 ml-slider ms-theme-default\" role=\"region\" aria-roledescription=\"Slideshow\" aria-label=\"Neue Diashow\">\n    <div id=\"metaslider_container_742\">\n        <div id=\"metaslider_742\">\n            <ul class='slides'>\n                <li style=\"display: block; width: 100%;\" class=\"slide-159 ms-image \" aria-roledescription=\"slide\" aria-label=\"slide-159\"><img loading=\"lazy\" decoding=\"async\" src=\"https:\/\/yaoui.de\/wp-content\/uploads\/2014\/12\/Benin-2014-\u2013-0491-e1418507117922-700x350.jpg\" height=\"350\" width=\"700\" alt=\"\" class=\"slider-742 slide-159\" \/><\/li>\n                <li style=\"display: none; width: 100%;\" class=\"slide-743 ms-image \" aria-roledescription=\"slide\" aria-label=\"slide-743\"><img loading=\"lazy\" decoding=\"async\" src=\"https:\/\/yaoui.de\/wp-content\/uploads\/2015\/01\/Benin-2014-\u2013-0264-700x350.jpg\" height=\"350\" width=\"700\" alt=\"\" class=\"slider-742 slide-743\" \/><\/li>\n                <li style=\"display: none; width: 100%;\" class=\"slide-744 ms-image \" aria-roledescription=\"slide\" aria-label=\"slide-744\"><img loading=\"lazy\" decoding=\"async\" src=\"https:\/\/yaoui.de\/wp-content\/uploads\/2015\/01\/Benin-2014-\u2013-0650-700x350.jpg\" height=\"350\" width=\"700\" alt=\"\" class=\"slider-742 slide-744\" \/><\/li>\n                <li style=\"display: none; width: 100%;\" class=\"slide-745 ms-image \" aria-roledescription=\"slide\" aria-label=\"slide-745\"><img loading=\"lazy\" decoding=\"async\" src=\"https:\/\/yaoui.de\/wp-content\/uploads\/2015\/01\/Benin-2014-\u2013-0849-700x350.jpg\" height=\"350\" width=\"700\" alt=\"\" class=\"slider-742 slide-745\" \/><\/li>\n            <\/ul>\n        <\/div>\n        \n    <\/div>\n<\/div>\n\n\n\n<h3 class=\"wp-block-heading\"><\/h3>\n\n\n\n<p><\/p>\n\n\n\n<p><\/p>\n\n\n<div class=\"rpfc-container\"><ul><li><a href=\"https:\/\/yaoui.de\/?p=1533\">Mitgliederversammlung 31.01.2026<\/a><br><span>Liebe Freunde und F\u00f6rderer von Yaoui e.V., wir m\u00f6chten alle Mitglieder hiermit recht herzlich zur Mitgliederversammlung 2026 einladen. Die MV findet statt am: Samstag, den 31. Januar 2026 um 17:00 Uhr im: Haus der Diakonie Hilden\/Nachbarschaftszentrum St. Konrad Allee 76a, 40723 Hilden (direkt hinter der Erl\u00f6serkirche in Hilden) Teilnahme ist vor Ort oder Online m\u00f6glich.<\/span><\/li><li><a href=\"https:\/\/yaoui.de\/?p=1488\">Mitgliederversammlung 02.02.2025<\/a><br><span>Wir m\u00f6chten Euch recht herzlich zu unserer n\u00e4chsten Mitgliederversammlung einladen. Sie findet statt am: Sonntag, den 02. Februar 2025 um 15:00 Uhr im Haus der Diakonie Hilden (Nachbarschaftszentrum) St. Konrad Alle 76a 40723 Hilden (Direkt hinter der Erl\u00f6serkirche)<\/span><\/li><li><a href=\"https:\/\/yaoui.de\/?p=1236\">General Meeting 25.02.2024<\/a><br><span>We would like to invite you to our General Meeting of 2024. It will take place at: 25.02.2024, 02:30 PM Haus der Diakonie Hilden (Nachbarschaftszentrum) St. Konrad Alle 76a 40723 Hilden (direktly behind the Erl\u00f6serkirche)<\/span><\/li><li><a href=\"https:\/\/yaoui.de\/?p=1234\">Mitgliederversammlung 25.02.2024<\/a><br><span>Wir m\u00f6chten Euch recht herzlich zu unserer n\u00e4chsten Mitgliederversammlung einladen. Sie findet statt am: Sonntag, den 25. Februar 2024 um 14:30 Uhr im Haus der Diakonie Hilden (Nachbarschaftszentrum) St. Konrad Alle 76a 40723 Hilden (Direkt hinter der Erl\u00f6serkirche)<\/span><\/li><\/ul><\/div>\n","protected":false},"excerpt":{"rendered":"<p>Der gemeinn\u00fctzige Verein Yaoui e.V. unterst\u00fctzt Hilfsprojekte in Entwicklungsl\u00e4ndern. Der derzeitige Schwerpunkt liegt in Yaoui, einem Dorf in Benin\/Westafrika, wo wir eine Schule unterst\u00fctzen und damit den Kindern des Dorfes und seiner Umgebung Zugang zu Bildung erm\u00f6glichen. Weitere Details und Informationen zur Mitgliedschaft entnehmen Sie bitte unserem Infoflyer Kalenderaktion Ab sofort sind unsere Kalender verf\u00fcgbar, &hellip; <a href=\"https:\/\/yaoui.de\/?p=1234\" class=\"more-link\"><span class=\"screen-reader-text\">Mitgliederversammlung 25.02.2024<\/span> weiterlesen <span class=\"meta-nav\">&rarr;<\/span><\/a><\/p>\n","protected":false},"author":1,"featured_media":0,"parent":0,"menu_order":0,"comment_status":"closed","ping_status":"closed","template":"","meta":{"footnotes":""},"language":[7],"class_list":["post-95","page","type-page","status-publish","hentry","language-de_de"],"_links":{"self":[{"href":"https:\/\/yaoui.de\/index.php?rest_route=\/wp\/v2\/pages\/95","targetHints":{"allow":["GET"]}}],"collection":[{"href":"https:\/\/yaoui.de\/index.php?rest_route=\/wp\/v2\/pages"}],"about":[{"href":"https:\/\/yaoui.de\/index.php?rest_route=\/wp\/v2\/types\/page"}],"author":[{"embeddable":true,"href":"https:\/\/yaoui.de\/index.php?rest_route=\/wp\/v2\/users\/1"}],"replies":[{"embeddable":true,"href":"https:\/\/yaoui.de\/index.php?rest_route=%2Fwp%2Fv2%2Fcomments&post=95"}],"version-history":[{"count":76,"href":"https:\/\/yaoui.de\/index.php?rest_route=\/wp\/v2\/pages\/95\/revisions"}],"predecessor-version":[{"id":1532,"href":"https:\/\/yaoui.de\/index.php?rest_route=\/wp\/v2\/pages\/95\/revisions\/1532"}],"wp:attachment":[{"href":"https:\/\/yaoui.de\/index.php?rest_route=%2Fwp%2Fv2%2Fmedia&parent=95"}],"wp:term":[{"taxonomy":"language","embeddable":true,"href":"https:\/\/yaoui.de\/index.php?rest_route=%2Fwp%2Fv2%2Flanguage&post=95"}],"curies":[{"name":"wp","href":"https:\/\/api.w.org\/{rel}","templated":true}]}}